{"id":10,"date":"2017-03-13T19:33:38","date_gmt":"2017-03-13T19:33:38","guid":{"rendered":"http:\/\/www.metrology.mx\/newportal\/?page_id=10"},"modified":"2025-09-04T21:39:16","modified_gmt":"2025-09-05T03:39:16","slug":"contacto","status":"publish","type":"page","link":"https:\/\/metrology.mx\/newportal\/contacto\/","title":{"rendered":"Contacto"},"content":{"rendered":"<p style=\"text-align: center;\">Contamos con la infraestructura necesaria y equipo para ofrecer servicios de calibraci\u00f3n y reparaci\u00f3n de equipos de Medici\u00f3n en las magnitudes de:<\/p>\n<table class=\"width200\">\n<tbody>\n<tr>\n<td><a href=\"http:\/\/www.metrology.mx\/newportal\/calibracion\/fuerza\/\"><img loading=\"lazy\" decoding=\"async\" class=\"size-full wp-image-233 aligncenter\" src=\"http:\/\/www.metrology.mx\/newportal\/wp-content\/uploads\/2017\/03\/calibra-fuerza.png\" alt=\"\" width=\"148\" height=\"147\" \/><\/a><\/p>\n<p style=\"text-align: center;\"><a class=\"calibracion\" href=\"http:\/\/www.metrology.mx\/newportal\/calibracion\/fuerza\/\">FUERZA<\/a><\/p>\n<\/td>\n<td><a href=\"http:\/\/www.metrology.mx\/newportal\/calibracion\/masas\/\"><img loading=\"lazy\" decoding=\"async\" class=\"size-full wp-image-233 aligncenter\" src=\"http:\/\/www.metrology.mx\/newportal\/wp-content\/uploads\/2017\/03\/calibra-masas.png\" alt=\"\" width=\"148\" height=\"147\" \/><\/a><\/p>\n<p style=\"text-align: center;\"><a class=\"calibracion\" href=\"http:\/\/www.metrology.mx\/newportal\/calibracion\/masas\/\">MASAS<\/a><\/p>\n<\/td>\n<td><a href=\"http:\/\/www.metrology.mx\/newportal\/calibracion\/electrica\/\"><img loading=\"lazy\" decoding=\"async\" class=\"size-full wp-image-233 aligncenter\" src=\"http:\/\/www.metrology.mx\/newportal\/wp-content\/uploads\/2017\/03\/calibra-electrica.png\" alt=\"\" width=\"148\" height=\"147\" \/><\/a><\/p>\n<p style=\"text-align: center;\"><a class=\"calibracion\" href=\"http:\/\/www.metrology.mx\/newportal\/calibracion\/electrica\/\">EL\u00c9CTRICA<\/a><\/p>\n<\/td>\n<\/tr>\n<tr>\n<td><a href=\"http:\/\/www.metrology.mx\/newportal\/calibracion\/dureza\/\"><img loading=\"lazy\" decoding=\"async\" class=\"size-full wp-image-233 aligncenter\" src=\"http:\/\/www.metrology.mx\/newportal\/wp-content\/uploads\/2017\/04\/calibra-dureza.png\" alt=\"\" width=\"148\" height=\"147\" \/><\/a><\/p>\n<p style=\"text-align: center;\"><a class=\"calibracion\" href=\"http:\/\/www.metrology.mx\/newportal\/calibracion\/dureza\/\">DUREZA<\/a><\/p>\n<\/td>\n<td><a href=\"http:\/\/www.metrology.mx\/newportal\/calibracion\/dimensional\/\"><img loading=\"lazy\" decoding=\"async\" class=\"size-full wp-image-233 aligncenter\" src=\"http:\/\/www.metrology.mx\/newportal\/wp-content\/uploads\/2017\/03\/calibra-dimensional.png\" alt=\"\" width=\"148\" height=\"147\" \/><\/a><\/p>\n<p style=\"text-align: center;\"><a class=\"calibracion\" href=\"http:\/\/www.metrology.mx\/newportal\/calibracion\/dimensional\/\">DIMENSIONAL<\/a><\/p>\n<\/td>\n<td><a href=\"http:\/\/www.metrology.mx\/newportal\/calibracion\/temperatura\/\"><img loading=\"lazy\" decoding=\"async\" class=\"size-full wp-image-324 aligncenter\" src=\"http:\/\/www.metrology.mx\/newportal\/wp-content\/uploads\/2017\/03\/calibra-temperatura.png\" alt=\"\" width=\"148\" height=\"147\" \/><\/a><\/p>\n<p style=\"text-align: center;\"><a class=\"calibracion\" href=\"http:\/\/www.metrology.mx\/newportal\/calibracion\/temperatura\/\">TEMPERATURA<\/a><\/p>\n<\/td>\n<\/tr>\n<tr>\n<td>\u00a0<a href=\"http:\/\/www.metrology.mx\/newportal\/calibracion\/par-torsional-dinamico-y-estatico\/\"><img loading=\"lazy\" decoding=\"async\" class=\"size-full wp-image-375 aligncenter\" src=\"http:\/\/www.metrology.mx\/newportal\/wp-content\/uploads\/2017\/03\/calibra-partorcional.png\" alt=\"\" width=\"148\" height=\"147\" \/><\/a><\/p>\n<p style=\"text-align: center;\"><a class=\"calibracion\" href=\"http:\/\/www.metrology.mx\/newportal\/calibracion\/par-torsional-dinamico-y-estatico\/\">PAR TORSIONAL<\/a><br \/>\n<a class=\"calibracion\" href=\"http:\/\/www.metrology.mx\/newportal\/calibracion\/par-torsional-dinamico-y-estatico\/\"> DIN\u00c1MICO Y EST\u00c1TICO<\/a><\/p>\n<\/td>\n<td><a href=\"http:\/\/www.metrology.mx\/newportal\/calibracion\/presion\/\"><img loading=\"lazy\" decoding=\"async\" class=\"size-full wp-image-233 aligncenter\" src=\"http:\/\/www.metrology.mx\/newportal\/wp-content\/uploads\/2017\/03\/calibra-presion.png\" alt=\"\" width=\"148\" height=\"147\" \/><\/a><\/p>\n<p style=\"text-align: center;\"><a class=\"calibracion\" href=\"http:\/\/www.metrology.mx\/newportal\/calibracion\/presion\/\">PRESI\u00d3N<\/a><\/p>\n<\/td>\n<td><a href=\"http:\/\/www.metrology.mx\/newportal\/calibracion\/tiempo-y-frecuencia\/\"><img loading=\"lazy\" decoding=\"async\" class=\"size-full wp-image-233 aligncenter\" src=\"http:\/\/www.metrology.mx\/newportal\/wp-content\/uploads\/2017\/03\/calibra-tiempo-y-frecuencia.png\" alt=\"\" width=\"148\" height=\"147\" \/><\/a><\/p>\n<p style=\"text-align: center;\"><a class=\"calibracion\" href=\"http:\/\/www.metrology.mx\/newportal\/calibracion\/tiempo-y-frecuencia\/\">TIEMPO Y FRECUENCIA<\/a><\/p>\n<\/td>\n<\/tr>\n<\/tbody>\n<\/table>\n","protected":false},"excerpt":{"rendered":"<p>Contamos con la infraestructura necesaria y equipo para ofrecer servicios de calibraci\u00f3n y reparaci\u00f3n de equipos de Medici\u00f3n en las magnitudes de: FUERZA MASAS EL\u00c9CTRICA DUREZA DIMENSIONAL TEMPERATURA \u00a0 PAR TORSIONAL DIN\u00c1MICO Y EST\u00c1TICO PRESI\u00d3N TIEMPO Y FRECUENCIA<\/p>\n","protected":false},"author":27,"featured_media":0,"parent":0,"menu_order":2,"comment_status":"closed","ping_status":"closed","template":"","meta":{"footnotes":""},"class_list":["post-10","page","type-page","status-publish","hentry"],"featured_media_urls":[],"_links":{"self":[{"href":"https:\/\/metrology.mx\/newportal\/wp-json\/wp\/v2\/pages\/10","targetHints":{"allow":["GET"]}}],"collection":[{"href":"https:\/\/metrology.mx\/newportal\/wp-json\/wp\/v2\/pages"}],"about":[{"href":"https:\/\/metrology.mx\/newportal\/wp-json\/wp\/v2\/types\/page"}],"author":[{"embeddable":true,"href":"https:\/\/metrology.mx\/newportal\/wp-json\/wp\/v2\/users\/27"}],"replies":[{"embeddable":true,"href":"https:\/\/metrology.mx\/newportal\/wp-json\/wp\/v2\/comments?post=10"}],"version-history":[{"count":95,"href":"https:\/\/metrology.mx\/newportal\/wp-json\/wp\/v2\/pages\/10\/revisions"}],"predecessor-version":[{"id":10486,"href":"https:\/\/metrology.mx\/newportal\/wp-json\/wp\/v2\/pages\/10\/revisions\/10486"}],"wp:attachment":[{"href":"https:\/\/metrology.mx\/newportal\/wp-json\/wp\/v2\/media?parent=10"}],"curies":[{"name":"wp","href":"https:\/\/api.w.org\/{rel}","templated":true}]}}